{"id":7,"date":"2025-05-09T06:17:45","date_gmt":"2025-05-09T04:17:45","guid":{"rendered":"http:\/\/localhost:8000\/?page_id=3"},"modified":"2026-01-19T10:54:35","modified_gmt":"2026-01-19T10:54:35","slug":"politica-privacidad","status":"publish","type":"page","link":"https:\/\/moncobra.grupocobra.com\/fr\/politique-confidentialite\/","title":{"rendered":"Politique de Confidentialit\u00e9"},"content":{"rendered":"\r\n<p><strong><a href=\"https:\/\/moncobra.grupocobra.com\/fr\/\">MONCOBRA,\u00a0S.A.<\/a><\/strong> conform\u00e9ment \u00e0 la l\u00e9gislation en vigueur en mati\u00e8re de protection des donn\u00e9es \u00e0 caract\u00e8re personnel, informe les utilisateurs du site Web <a href=\"https:\/\/www.iscobra.com\/\" target=\"_blank\" rel=\"noreferrer noopener\">www.moncobra.es<\/a>  de la politique de confidentialit\u00e9 et de protection des donn\u00e9es qui sera appliqu\u00e9e lors du traitement des donn\u00e9es personnelles que l&#8217;utilisateur fournit volontairement lorsqu&#8217;il acc\u00e8de \u00e0 son site Web.<\/p>\r\n\r\n\r\n\r\n<p>En fournissant ses donn\u00e9es personnelles via les formulaires activ\u00e9s sur le Site ou en utilisant l&#8217;adresse e-mail fournie et en nous envoyant ses coordonn\u00e9es, l&#8217;utilisateur consent express\u00e9ment \u00e0 ce que <strong>MONCOBRA<\/strong> puisse traiter ces donn\u00e9es conform\u00e9ment \u00e0 cette clause de politique de confidentialit\u00e9 et de protection des donn\u00e9es et aux fins indiqu\u00e9es ici.<\/p>\r\n\r\n\r\n\r\n<p><strong>MONCOBRA<\/strong> informe les utilisateurs du Site que leurs donn\u00e9es \u00e0 caract\u00e8re personnel ne pourront \u00eatre obtenues pour leur traitement que si elles sont adapt\u00e9es, pertinentes et non excessives par rapport \u00e0 la port\u00e9e et aux finalit\u00e9s d\u00e9termin\u00e9es, explicites et l\u00e9gitimes, pour lesquelles elles ont \u00e9t\u00e9 obtenues. Elles seront supprim\u00e9es lorsqu&#8217;elles ne seront plus n\u00e9cessaires ou pertinentes \u00e0 cette fin, ou \u00e0 la demande de leur titulaire dans le cadre de l&#8217;exercice de son droit de suppression.<\/p>\r\n\r\n\r\n\r\n<p><strong>MONCOBRA<\/strong> s&#8217;engage \u00e0 respecter la l\u00e9gislation en vigueur \u00e0 tout moment en mati\u00e8re de protection des donn\u00e9es et toute autre l\u00e9gislation applicable.<\/p>\r\n\r\n\r\n\r\n<p>Les donn\u00e9es personnelles fournies seront trait\u00e9es conform\u00e9ment aux <strong>informations suivantes sur la protection des donn\u00e9es personnelles&nbsp;:<\/strong><\/p>\r\n\r\n\r\n\r\n<p><strong>Responsable du traitement&nbsp;: MONCOBRA,&nbsp;S.A. domicili\u00e9e \u00e0 Cardenal&nbsp;Marcelo&nbsp;Sp\u00ednola, 10, 28016&nbsp;Madrid&nbsp;; CIF&nbsp;A78990413 <\/strong>et e-mail&nbsp;: <a href=\"mailto:dpd@grupocobra.com\">dpd@grupocobra.com<\/a> &nbsp;<\/p>\r\n\r\n\r\n\r\n<p><strong>Finalit\u00e9s&nbsp;:<\/strong><\/p>\r\n\r\n\r\n\r\n<ul class=\"wp-block-list\">\r\n<li>R\u00e9pondre aux demandes des Utilisateurs qui nous contactent gr\u00e2ce aux adresses e-mail fournies et envoyer les informations demand\u00e9es.<\/li>\r\n\r\n\r\n\r\n<li>Envoi, r\u00e9ception de CV et enregistrement d&#8217;image\/voix, gestion de processus de s\u00e9lection du personnel en place ou susceptibles d&#8217;\u00eatre appliqu\u00e9s dans notre entreprise depuis la plateforme mise \u00e0 disposition, sur laquelle l&#8217;utilisateur doit s&#8217;inscrire. Nous vous informons que les vid\u00e9os ne seront utilis\u00e9es que dans le processus de s\u00e9lection de <strong>MONCOBRA<\/strong>, et ne seront en aucun cas utilis\u00e9es pour leur diffusion externe.<\/li>\r\n\r\n\r\n\r\n<li>Cookies\u00a0: maintenir la connexion de l&#8217;utilisateur enregistr\u00e9, fournir des statistiques associ\u00e9es \u00e0 l&#8217;utilisation du Site et \u00e0 l&#8217;emplacement de nos bureaux.<\/li>\r\n<\/ul>\r\n\r\n\r\n\r\n<p><strong>Base l\u00e9gale&nbsp;:<\/strong><\/p>\r\n\r\n\r\n\r\n<p>La base du traitement des donn\u00e9es est le consentement donn\u00e9 par l&#8217;Utilisateur lors de l&#8217;envoi volontaire de ses donn\u00e9es ou en cochant les cases correspondantes.<br>Nous vous informons que vos coordonn\u00e9es seront transf\u00e9r\u00e9es \u00e0 la soci\u00e9t\u00e9 du Groupe devant prendre en charge votre demande. Vous pouvez consulter nos informations d&#8217;entreprises sur notre site web.<\/p>\r\n\r\n\r\n\r\n<p><strong>Dur\u00e9e de conservation&nbsp;:<\/strong><\/p>\r\n\r\n\r\n\r\n<ul class=\"wp-block-list\">\r\n<li>Les donn\u00e9es de contact seront conserv\u00e9es tant que la relation sera maintenue et que leur suppression ne sera pas demand\u00e9e et dans tous les cas dans le respect des d\u00e9lais l\u00e9gaux de prescription applicables.<\/li>\r\n\r\n\r\n\r\n<li>Les donn\u00e9es relatives aux demandes d&#8217;emploi seront conserv\u00e9es pendant une p\u00e9riode maximale de 2\u00a0ans si leur suppression n&#8217;est pas demand\u00e9e et toujours dans le respect des d\u00e9lais de prescription l\u00e9gaux applicables. Si vous souhaitez supprimer votre candidature, vous pouvez le faire \u00e0 tout moment depuis votre profil candidat.<\/li>\r\n\r\n\r\n\r\n<li>Veuillez consulter notre\u00a0<a href=\"https:\/\/moncobra.grupocobra.com\/politica-de-cookies\/\">Politique de cookies<\/a> pour identifier la dur\u00e9e de vie de chaque cookie.<\/li>\r\n<\/ul>\r\n\r\n\r\n\r\n<p><strong>Cessions et transferts internationaux de donn\u00e9es&nbsp;: <\/strong>aucune cession de vos donn\u00e9es n&#8217;est pr\u00e9vue sauf dans le cas des soci\u00e9t\u00e9s faisant partie du Groupe conform\u00e9ment aux finalit\u00e9s identifi\u00e9es dans la pr\u00e9sente Politique. Aucun transfert international de donn\u00e9es n&#8217;est pr\u00e9vu, sauf dans le cas des Responsables des services d&#8217;analyse web&nbsp;: Le Site a activ\u00e9 les services Google&nbsp;Analytics fournis par Google&nbsp;LLC. L&#8217;interaction avec les utilisateurs par l&#8217;utilisation de cet outil implique le transfert international de donn\u00e9es de type analytique et technique en lien avec le Site. Pour de plus amples informations, veuillez cliquer sur le lien suivant&nbsp;:&nbsp;<a href=\"https:\/\/policies.google.com\/privacy?hl=es&amp;gl=es\" target=\"_blank\" rel=\"noreferrer noopener\">https:\/\/policies.google.com\/privacy?hl=es&amp;gl=es<\/a>.<\/p>\r\n\r\n\r\n\r\n<p><strong>Droits des int\u00e9ress\u00e9s&nbsp;:<\/strong> les parties int\u00e9ress\u00e9es peuvent exercer leurs droits d&#8217;acc\u00e8s, de rectification, de suppression, de portabilit\u00e9 et de limitation ou d&#8217;opposition en \u00e9crivant \u00e0 notre si\u00e8ge social situ\u00e9 \u00e0 Cardenal&nbsp;Marcelo&nbsp;Sp\u00ednola, 10, 28016&nbsp;Madrid, en indiquant \u00ab&nbsp;exercice des droits de protection des donn\u00e9es&nbsp;\u00bb. Les parties int\u00e9ress\u00e9es ont le droit de retirer le consentement donn\u00e9 et de se plaindre aupr\u00e8s de l&#8217;autorit\u00e9 de contr\u00f4le (Agence espagnole de protection des donn\u00e9es www.aepd.es).<\/p>\r\n\r\n\r\n\r\n<p><strong>MONCOBRA<\/strong> assure une administration ad\u00e9quate de son environnement de serveurs, avec une infrastructure de pare-feu respectant rigoureusement les normes. Elle utilise en permanence des technologies actuelles pour s&#8217;assurer que la confidentialit\u00e9 des informations n&#8217;est pas compromise.<\/p>\r\n\r\n\r\n\r\n<p>Le Site dispose du Certificat&nbsp;SSL (Secure Socket Layer) afin de garantir la s\u00e9curit\u00e9 de la transmission des donn\u00e9es entre votre navigateur et notre Site.<\/p>\r\n\r\n\r\n\r\n<p>Le serveur s\u00e9curis\u00e9 \u00e9tablit une connexion de sorte que les informations sont transmises crypt\u00e9es, ce qui garantit qu&#8217;elles ne sont intelligibles que pour le dispositif de l&#8217;utilisateur et celui du Site. De cette mani\u00e8re, l\u2019utilisation du protocole&nbsp;SSL garantit&nbsp;:<\/p>\r\n\r\n\r\n\r\n<ul class=\"wp-block-list\">\r\n<li>que l&#8217;utilisateur communique ses donn\u00e9es au centre serveur du Site et non \u00e0 un autre,<\/li>\r\n\r\n\r\n\r\n<li>qu&#8217;entre l&#8217;utilisateur et le Site, les donn\u00e9es sont transmises crypt\u00e9es pour emp\u00eacher qu&#8217;elles ne soient \u00e9ventuellement lues ou manipul\u00e9es par des tiers.<\/li>\r\n<\/ul>\r\n\r\n\r\n\r\n<p>Pour v\u00e9rifier qu&#8217;il se trouve dans un environnement s\u00e9curis\u00e9, le Client doit v\u00e9rifier que l&#8217;adresse du site de v\u00e9rification commence par https&nbsp;:\/\/ Il peut \u00e9galement identifier le Site comme s\u00e9curis\u00e9 lorsque l&#8217;ic\u00f4ne d&#8217;un cadenas appara\u00eet dans la barre d&#8217;adresse de son navigateur.<\/p>\r\n\r\n\r\n\r\n<p>Enfin, il peut \u00e9galement v\u00e9rifier la pr\u00e9sence du certificat SSL en v\u00e9rifiant les propri\u00e9t\u00e9s du Site dans son navigateur et devra examiner les caract\u00e9ristiques de celui-ci. Pour ce faire, les mesures techniques et organisationnelles n\u00e9cessaires sont adopt\u00e9es pour garantir la s\u00e9curit\u00e9 des donn\u00e9es \u00e0 caract\u00e8re personnel qui y sont contenues et pour \u00e9viter leur alt\u00e9ration, perte, traitement ou acc\u00e8s non autoris\u00e9, compte tenu de l&#8217;\u00e9tat de la technologie, de la nature des donn\u00e9es et des risques auxquels elles sont expos\u00e9es.<\/p>\r\n\r\n\r\n\r\n<p>Toute modification apport\u00e9e \u00e0 la politique de confidentialit\u00e9 et aux pratiques de gestion de l&#8217;information sera refl\u00e9t\u00e9e en temps opportun, et <strong>MONCOBRA<\/strong> pourra ajouter, modifier ou supprimer cette politique de confidentialit\u00e9 lorsqu&#8217;elle le jugera n\u00e9cessaire.<\/p>\r\n\r\n\r\n\r\n<p><strong>MONCOBRA<\/strong> ne modifiera en aucun cas les politiques ou les pratiques pour les rendre moins efficaces dans la protection des donn\u00e9es personnelles trait\u00e9es.<em>Derni\u00e8re mise \u00e0 jour&nbsp;: 1er&nbsp;ao\u00fbt&nbsp;2024.<\/em><br><\/p>\r\n","protected":false},"excerpt":{"rendered":"<p>MONCOBRA,\u00a0S.A. conform\u00e9ment \u00e0 la l\u00e9gislation en vigueur en mati\u00e8re de protection des donn\u00e9es \u00e0 caract\u00e8re personnel, informe les utilisateurs du site Web www.moncobra.es de la politique de confidentialit\u00e9 et de protection des donn\u00e9es qui sera appliqu\u00e9e lors du traitement des donn\u00e9es personnelles que l&#8217;utilisateur fournit volontairement lorsqu&#8217;il acc\u00e8de \u00e0 son site Web. En fournissant ses [&hellip;]<\/p>\n","protected":false},"author":4,"featured_media":0,"parent":0,"menu_order":0,"comment_status":"closed","ping_status":"closed","template":"pagina-legales.php","meta":{"_acf_changed":false,"footnotes":""},"class_list":["post-7","page","type-page","status-publish","hentry"],"translation":{"provider":"WPGlobus","version":"3.0.2","language":"fr","enabled_languages":["es","gb","fr"],"languages":{"es":{"title":true,"content":true,"excerpt":false},"gb":{"title":true,"content":true,"excerpt":false},"fr":{"title":true,"content":true,"excerpt":false}}},"acf":[],"yoast_head":"<!-- This site is optimized with the Yoast SEO plugin v27.2 - https:\/\/yoast.com\/product\/yoast-seo-wordpress\/ -->\n<title>Politique de Confidentialit\u00e9 - Moncobra<\/title>\n<meta name=\"robots\" content=\"index, follow, max-snippet:-1, max-image-preview:large, max-video-preview:-1\" \/>\n<link rel=\"canonical\" href=\"https:\/\/moncobra.grupocobra.com\/politica-privacidad\/\" \/>\n<meta property=\"og:locale\" content=\"fr_FR\" \/>\n<meta property=\"og:type\" content=\"article\" \/>\n<meta property=\"og:title\" content=\"Politique de Confidentialit\u00e9 - Moncobra\" \/>\n<meta property=\"og:url\" content=\"https:\/\/moncobra.grupocobra.com\/politica-privacidad\/\" \/>\n<meta property=\"og:site_name\" content=\"Moncobra\" \/>\n<meta property=\"article:modified_time\" content=\"2026-01-19T10:54:35+00:00\" \/>\n<meta name=\"twitter:card\" content=\"summary_large_image\" \/>\n<meta name=\"twitter:label1\" content=\"Est. reading time\" \/>\n\t<meta name=\"twitter:data1\" content=\"5 minutes\" \/>\n<script type=\"application\/ld+json\" class=\"yoast-schema-graph\">{\"@context\":\"https:\/\/schema.org\",\"@graph\":[{\"@type\":\"WebPage\",\"@id\":\"https:\/\/moncobra.grupocobra.com\/politica-privacidad\/\",\"url\":\"https:\/\/moncobra.grupocobra.com\/politica-privacidad\/\",\"name\":\"Politique de Confidentialit\u00e9 - Moncobra\",\"isPartOf\":{\"@id\":\"https:\/\/moncobra.grupocobra.com\/#website\"},\"datePublished\":\"2025-05-09T04:17:45+00:00\",\"dateModified\":\"2026-01-19T10:54:35+00:00\",\"breadcrumb\":{\"@id\":\"https:\/\/moncobra.grupocobra.com\/politica-privacidad\/#breadcrumb\"},\"inLanguage\":\"fr-FR\",\"potentialAction\":[{\"@type\":\"ReadAction\",\"target\":[\"https:\/\/moncobra.grupocobra.com\/politica-privacidad\/\"]}]},{\"@type\":\"BreadcrumbList\",\"@id\":\"https:\/\/moncobra.grupocobra.com\/politica-privacidad\/#breadcrumb\",\"itemListElement\":[{\"@type\":\"ListItem\",\"position\":1,\"name\":\"Portada\",\"item\":\"https:\/\/moncobra.grupocobra.com\/\"},{\"@type\":\"ListItem\",\"position\":2,\"name\":\"Pol\u00edtica de privacidad\"}]},{\"@type\":\"WebSite\",\"@id\":\"https:\/\/moncobra.grupocobra.com\/#website\",\"url\":\"https:\/\/moncobra.grupocobra.com\/\",\"name\":\"Moncobra\",\"description\":\"Just another WordPress site\",\"potentialAction\":[{\"@type\":\"SearchAction\",\"target\":{\"@type\":\"EntryPoint\",\"urlTemplate\":\"https:\/\/moncobra.grupocobra.com\/?s={search_term_string}\"},\"query-input\":{\"@type\":\"PropertyValueSpecification\",\"valueRequired\":true,\"valueName\":\"search_term_string\"}}],\"inLanguage\":\"fr-FR\"}]}<\/script>\n<!-- \/ Yoast SEO plugin. -->","yoast_head_json":{"title":"Politique de Confidentialit\u00e9 - Moncobra","robots":{"index":"index","follow":"follow","max-snippet":"max-snippet:-1","max-image-preview":"max-image-preview:large","max-video-preview":"max-video-preview:-1"},"canonical":"https:\/\/moncobra.grupocobra.com\/politica-privacidad\/","og_locale":"fr_FR","og_type":"article","og_title":"Politique de Confidentialit\u00e9 - Moncobra","og_url":"https:\/\/moncobra.grupocobra.com\/politica-privacidad\/","og_site_name":"Moncobra","article_modified_time":"2026-01-19T10:54:35+00:00","twitter_card":"summary_large_image","twitter_misc":{"Est. reading time":"5 minutes"},"schema":{"@context":"https:\/\/schema.org","@graph":[{"@type":"WebPage","@id":"https:\/\/moncobra.grupocobra.com\/politica-privacidad\/","url":"https:\/\/moncobra.grupocobra.com\/politica-privacidad\/","name":"Politique de Confidentialit\u00e9 - Moncobra","isPartOf":{"@id":"https:\/\/moncobra.grupocobra.com\/#website"},"datePublished":"2025-05-09T04:17:45+00:00","dateModified":"2026-01-19T10:54:35+00:00","breadcrumb":{"@id":"https:\/\/moncobra.grupocobra.com\/politica-privacidad\/#breadcrumb"},"inLanguage":"fr-FR","potentialAction":[{"@type":"ReadAction","target":["https:\/\/moncobra.grupocobra.com\/politica-privacidad\/"]}]},{"@type":"BreadcrumbList","@id":"https:\/\/moncobra.grupocobra.com\/politica-privacidad\/#breadcrumb","itemListElement":[{"@type":"ListItem","position":1,"name":"Portada","item":"https:\/\/moncobra.grupocobra.com\/"},{"@type":"ListItem","position":2,"name":"Pol\u00edtica de privacidad"}]},{"@type":"WebSite","@id":"https:\/\/moncobra.grupocobra.com\/#website","url":"https:\/\/moncobra.grupocobra.com\/","name":"Moncobra","description":"Just another WordPress site","potentialAction":[{"@type":"SearchAction","target":{"@type":"EntryPoint","urlTemplate":"https:\/\/moncobra.grupocobra.com\/?s={search_term_string}"},"query-input":{"@type":"PropertyValueSpecification","valueRequired":true,"valueName":"search_term_string"}}],"inLanguage":"fr-FR"}]}},"_links":{"self":[{"href":"https:\/\/moncobra.grupocobra.com\/fr\/wp-json\/wp\/v2\/pages\/7","targetHints":{"allow":["GET"]}}],"collection":[{"href":"https:\/\/moncobra.grupocobra.com\/fr\/wp-json\/wp\/v2\/pages"}],"about":[{"href":"https:\/\/moncobra.grupocobra.com\/fr\/wp-json\/wp\/v2\/types\/page"}],"author":[{"embeddable":true,"href":"https:\/\/moncobra.grupocobra.com\/fr\/wp-json\/wp\/v2\/users\/4"}],"replies":[{"embeddable":true,"href":"https:\/\/moncobra.grupocobra.com\/fr\/wp-json\/wp\/v2\/comments?post=7"}],"version-history":[{"count":18,"href":"https:\/\/moncobra.grupocobra.com\/fr\/wp-json\/wp\/v2\/pages\/7\/revisions"}],"predecessor-version":[{"id":2321,"href":"https:\/\/moncobra.grupocobra.com\/fr\/wp-json\/wp\/v2\/pages\/7\/revisions\/2321"}],"wp:attachment":[{"href":"https:\/\/moncobra.grupocobra.com\/fr\/wp-json\/wp\/v2\/media?parent=7"}],"curies":[{"name":"wp","href":"https:\/\/api.w.org\/{rel}","templated":true}]}}