{"id":1736,"date":"2025-07-05T16:29:56","date_gmt":"2025-07-05T16:29:56","guid":{"rendered":"https:\/\/moncobra.grupocobra.com\/?page_id=1736"},"modified":"2025-10-06T13:18:09","modified_gmt":"2025-10-06T13:18:09","slug":"politica-de-cookies","status":"publish","type":"page","link":"https:\/\/moncobra.grupocobra.com\/fr\/politique-cookies\/","title":{"rendered":"Politique de cookies"},"content":{"rendered":"\n<p><strong>Qu\u2019est-ce qu\u2019un cookie&nbsp;?<\/strong><\/p>\n\n\n\n<p>Il s&#8217;agit d&#8217;un fichier qui est t\u00e9l\u00e9charg\u00e9 sur votre ordinateur ou un autre appareil lorsque vous acc\u00e9dez \u00e0 certains sites Web qui recueillent des informations sur votre navigation sur ce site Web. Dans certains cas, les cookies sont n\u00e9cessaires pour faciliter la navigation et permettent de stocker et de r\u00e9cup\u00e9rer des informations sur les habitudes de navigation d&#8217;un utilisateur ou de son dispositif, entre autres et, en fonction des informations qu&#8217;ils contiennent et de la mani\u00e8re dont vous utilisez votre ordinateur, ils peuvent \u00eatre utilis\u00e9s pour reconna\u00eetre l&#8217;utilisateur.<\/p>\n\n\n\n<p><strong>Identification des cookies utilis\u00e9s<\/strong><\/p>\n\n\n\n<p>Conform\u00e9ment aux directives \u00e9tablies par l&#8217;Agence espagnole de protection des donn\u00e9es, les cookies utilis\u00e9s sur ce site sont class\u00e9s comme suit&nbsp;:<\/p>\n\n\n\n<ul class=\"wp-block-list\">\n<li><strong>Cookies propres&nbsp;:<\/strong> il s\u2019agit de ceux qui sont envoy\u00e9s \u00e0 l&#8217;\u00e9quipement terminal de l\u2019utilisateur \u00e0 partir d\u2019un dispositif ou d\u2019un domaine g\u00e9r\u00e9 par l&#8217;\u00e9diteur lui-m\u00eame et \u00e0 partir duquel le service demand\u00e9 par l&#8217;utilisateur est fourni.<\/li>\n\n\n\n<li><strong>Cookies tiers<\/strong>&nbsp;: il s\u2019agit de ceux qui sont envoy\u00e9s au terminal de l\u2019utilisateur \u00e0 partir d\u2019un dispositif ou d\u2019un domaine qui n\u2019est pas g\u00e9r\u00e9 par l\u2019\u00e9diteur, mais par une autre entit\u00e9 qui traite les donn\u00e9es obtenues par le biais de cookies.<\/li>\n\n\n\n<li><strong>Cookies de session<\/strong>&nbsp;: ils collectent et stockent des donn\u00e9es lorsque l&#8217;utilisateur acc\u00e8de \u00e0 un site Web.<br>Cookies persistants&nbsp;: ils stockent les donn\u00e9es dans le terminal afin qu&#8217;elles puissent \u00eatre consult\u00e9es et trait\u00e9es pendant une p\u00e9riode d\u00e9finie par le responsable du cookie (de quelques minutes \u00e0 plusieurs ann\u00e9es).<\/li>\n\n\n\n<li><strong>Cookies techniques<\/strong>&nbsp;: ils permettent \u00e0 l&#8217;utilisateur de naviguer sur un site Web, une plateforme ou une application et d&#8217;utiliser les diff\u00e9rentes options ou services qui y sont propos\u00e9s.<\/li>\n\n\n\n<li><strong>Cookies de personnalisation<\/strong>&nbsp;: ils permettent \u00e0 l\u2019utilisateur d\u2019acc\u00e9der au service en appliquant quelques caract\u00e9ristiques g\u00e9n\u00e9rales d\u00e9finies en fonction de plusieurs crit\u00e8res obtenus \u00e0 partir du terminal de l\u2019utilisateur comme par exemple la langue, le type de navigateur utilis\u00e9, les param\u00e8tres r\u00e9gionaux, etc.<\/li>\n\n\n\n<li><strong>Cookies d\u2019analyse<\/strong>&nbsp;: ils permettent \u00e0 leur responsable de suivre et d&#8217;analyser le comportement des utilisateurs des sites web auxquels ils sont li\u00e9s. Les informations collect\u00e9es par ce type de cookies sont utilis\u00e9es pour mesurer l&#8217;activit\u00e9 des sites, applications ou plateformes et pour \u00e9laborer des profils de navigation des utilisateurs de ces sites, applications et plateformes, afin d&#8217;introduire des am\u00e9liorations bas\u00e9es sur l&#8217;analyse des donn\u00e9es d&#8217;utilisation faite par les utilisateurs du service.<\/li>\n<\/ul>\n\n\n\n<p>Le tableau suivant montre les cookies propres et les cookies de tiers du site <a href=\"https:\/\/www.iscobra.com\/\" target=\"_blank\" rel=\"noreferrer noopener\">www.moncobra.es<\/a> et la finalit\u00e9 pour laquelle chacun est utilis\u00e9.<strong> Tableau des cookies utilis\u00e9s sur <\/strong><a href=\"http:\/\/www.moncobra.es\"><strong>www.moncobra.es<\/strong><\/a><\/p>\n\n\n\n<figure class=\"wp-block-table\">\n  <table class=\"has-fixed-layout\">\n    <thead>\n      <tr>\n        <td>Login<\/td>\n        <td>D\u00e9marrage de session dans l\u2019administration. Fonctionnement correct de la session.<\/td>\n        <td>Propre<\/td>\n      <\/tr>\n      <tr>\n        <td>Langue<\/td>\n        <td>Configuration de la langue du site Internet. Changement de langue.<\/td>\n        <td>Propre<\/td>\n      <\/tr>\n      <tr>\n        <td>Cookies<\/td>\n        <td>V\u00e9rifier si l&#8217;avis relatif aux cookies a \u00e9t\u00e9 lu ou non.<\/td>\n        <td>Propre<\/td>\n      <\/tr>\n      <tr>\n        <th colspan=\"3\">COOKIES TIERS<\/th>\n      <\/tr>\n      <tr>\n        <td>__utma (1)<\/td>\n        <td>Distinguer les utilisateurs et les sessions. Informations sur le nombre de visites, la premi\u00e8re et la derni\u00e8re visite.<\/td>\n        <td>Google Analytics<\/td>\n      <\/tr>\n      <tr>\n        <td>__utmb (1)<\/td>\n        <td>D\u00e9terminer de nouvelles sessions\/visites. Identifie l&#8217;heure d&#8217;acc\u00e8s.<\/td>\n        <td>Google Analytics<\/td>\n      <\/tr>\n      <tr>\n        <td>__utmc (1)<\/td>\n        <td>Compatibilit\u00e9 avec ancien code de Google Analytics (urchin.js).<\/td>\n        <td>Google Analytics<\/td>\n      <\/tr>\n      <tr>\n        <td>__utmz (1)<\/td>\n        <td>Stocke des informations sur les habitudes de l&#8217;utilisateur.<\/td>\n        <td>Google Analytics<\/td>\n      <\/tr>\n      <tr>\n        <td>__utmv (1)<\/td>\n        <td>Stocke des informations pour la segmentation des visiteurs.<\/td>\n        <td>Google Analytics<\/td>\n      <\/tr>\n      <tr>\n        <td>khcookie, testcookie, NID, PREF<\/td>\n        <td>Cookies de Google Maps pour localiser les bureaux.<\/td>\n        <td>maps.google.com<\/td>\n      <\/tr>\n    <\/thead>\n    <tbody>\n      <tr>\n        <th colspan=\"3\">COOKIES PROPRES<\/th>\n      <\/tr>\n    <\/tbody>\n  <\/table>\n<\/figure>\n\n\n\n\n<p class=\"has-small-font-size\">(1) Ils permettent de suivre le site Web \u00e0 l&#8217;aide de l&#8217;outil Google&nbsp;Analytics, qui est un service fourni par Google pour obtenir des informations sur les acc\u00e8s des utilisateurs aux sites&nbsp;Web. Google, Inc., une soci\u00e9t\u00e9 du Delaware dont le si\u00e8ge social est situ\u00e9 au 1600&nbsp;Amphitheatre&nbsp;Parkway, Mountain&nbsp;View (Californie), CA&nbsp;94043, \u00c9tats-Unis. Des donn\u00e9es sont stock\u00e9es en vue d\u2019une analyse ult\u00e9rieure&nbsp;: le nombre de visites du site Internet par l\u2019utilisateur, les dates de la premi\u00e8re et de la derni\u00e8re visite de l\u2019utilisateur, la dur\u00e9e des visites, la page \u00e0 partir de laquelle l\u2019utilisateur a acc\u00e9d\u00e9 au site Internet, le moteur de recherche utilis\u00e9 pour acc\u00e9der au site Internet ou le lien s\u00e9lectionn\u00e9, l&#8217;emplacement depuis lequel l\u2019utilisateur acc\u00e8de au site, etc. Le param\u00e9trage de ces cookies est pr\u00e9d\u00e9fini par le service propos\u00e9 par Google. Pour en savoir plus sur les cookies utilis\u00e9s et comment les d\u00e9sactiver, nous vous invitons \u00e0 consulter la page relative \u00e0 la confidentialit\u00e9 de Google Analytics, https:\/\/www.google.com\/intl\/es\/analytics\/privacyoverview.html (\u00e9tant entendu que nous ne sommes pas responsables du contenu ou de l\u2019exactitude des sites Internet tiers).<\/p>\n\n\n\n<p><strong>D\u00e9sactivation de cookies<\/strong><\/p>\n\n\n\n<p>Vous pouvez autoriser, bloquer ou supprimer les cookies install\u00e9s sur votre dispositif en configurant les options de votre navigateur. Veuillez lire attentivement la section d&#8217;aide de votre navigateur pour en savoir plus sur l&#8217;activation du \u00ab&nbsp;mode priv\u00e9&nbsp;\u00bb ou le d\u00e9blocage de certains cookies.<\/p>\n\n\n\n<ul class=\"wp-block-list\">\n<li>Pour de plus amples informations sur le navigateur Explorer, <a href=\"https:\/\/windows.microsoft.com\/es-es\/windows-vista\/Block-or-allow-cookies\" target=\"_blank\" rel=\"noreferrer noopener\">cliquez ici<\/a>.<\/li>\n\n\n\n<li>Pour de plus amples informations sur le navigateur Firefox, <a href=\"https:\/\/support.mozilla.org\/es\/kb\/habilitar-y-deshabilitar-cookies-que-los-sitios-we\" target=\"_blank\" rel=\"noreferrer noopener\">cliquez ici<\/a>.<\/li>\n\n\n\n<li>Pour de plus amples informations sur le navigateur Opera, <a href=\"https:\/\/help.opera.com\/Windows\/11.50\/es-ES\/cookies.html\" target=\"_blank\" rel=\"noreferrer noopener\">cliquez ici<\/a>.<\/li>\n\n\n\n<li>Pour de plus amples informations sur le navigateur Google\u00a0Chrome, <a href=\"https:\/\/support.google.com\/accounts\/answer\/61416?hl=es\" target=\"_blank\" rel=\"noreferrer noopener\">cliquez ici<\/a>.<\/li>\n\n\n\n<li>Pour de plus amples informations sur le navigateur Safari, <a href=\"https:\/\/support.apple.com\/kb\/HT1677?viewlocale=es_ES\" target=\"_blank\" rel=\"noreferrer noopener\">cliquez ici<\/a>.<\/li>\n<\/ul>\n\n\n\n<p><strong>D\u00e9sactivation ou suppression de cookies appartenant \u00e0 Google Analytics<\/strong><\/p>\n\n\n\n<p>Si vous acceptez l&#8217;utilisation de cookies appartenant \u00e0 Google&nbsp;Ananlytics, vous pourrez les d\u00e9sinstaller ult\u00e9rieurement en configurant votre navigateur, comme indiqu\u00e9, ou en installant le module compl\u00e9mentaire de d\u00e9sactivation de Google&nbsp;Analytics&nbsp;: <a href=\"https:\/\/tools.google.com\/dlpage\/gaoptout?hl=fr\">https:\/\/tools.google.com\/dlpage\/gaoptout?hl=fr<\/a>.<\/p>\n\n\n\n<p><em>Derni\u00e8re mise \u00e0 jour&nbsp;: 1er&nbsp;ao\u00fbt&nbsp;2024.<\/em><\/p>\n","protected":false},"excerpt":{"rendered":"<p>Qu\u2019est-ce qu\u2019un cookie&nbsp;? Il s&#8217;agit d&#8217;un fichier qui est t\u00e9l\u00e9charg\u00e9 sur votre ordinateur ou un autre appareil lorsque vous acc\u00e9dez \u00e0 certains sites Web qui recueillent des informations sur votre navigation sur ce site Web. Dans certains cas, les cookies sont n\u00e9cessaires pour faciliter la navigation et permettent de stocker et de r\u00e9cup\u00e9rer des informations [&hellip;]<\/p>\n","protected":false},"author":4,"featured_media":0,"parent":0,"menu_order":0,"comment_status":"closed","ping_status":"closed","template":"pagina-legales.php","meta":{"_acf_changed":false,"footnotes":""},"class_list":["post-1736","page","type-page","status-publish","hentry"],"translation":{"provider":"WPGlobus","version":"3.0.2","language":"fr","enabled_languages":["es","gb","fr"],"languages":{"es":{"title":true,"content":true,"excerpt":false},"gb":{"title":true,"content":true,"excerpt":false},"fr":{"title":true,"content":true,"excerpt":false}}},"acf":[],"yoast_head":"<!-- This site is optimized with the Yoast SEO plugin v27.2 - https:\/\/yoast.com\/product\/yoast-seo-wordpress\/ -->\n<title>Politique de cookies - Moncobra<\/title>\n<meta name=\"robots\" content=\"index, follow, max-snippet:-1, max-image-preview:large, max-video-preview:-1\" \/>\n<link rel=\"canonical\" href=\"https:\/\/moncobra.grupocobra.com\/politica-de-cookies\/\" \/>\n<meta property=\"og:locale\" content=\"fr_FR\" \/>\n<meta property=\"og:type\" content=\"article\" \/>\n<meta property=\"og:title\" content=\"Politique de cookies - Moncobra\" \/>\n<meta property=\"og:url\" content=\"https:\/\/moncobra.grupocobra.com\/politica-de-cookies\/\" \/>\n<meta property=\"og:site_name\" content=\"Moncobra\" \/>\n<meta property=\"article:modified_time\" content=\"2025-10-06T13:18:09+00:00\" \/>\n<meta name=\"twitter:card\" content=\"summary_large_image\" \/>\n<meta name=\"twitter:label1\" content=\"Est. reading time\" \/>\n\t<meta name=\"twitter:data1\" content=\"4 minutes\" \/>\n<script type=\"application\/ld+json\" class=\"yoast-schema-graph\">{\"@context\":\"https:\/\/schema.org\",\"@graph\":[{\"@type\":\"WebPage\",\"@id\":\"https:\/\/moncobra.grupocobra.com\/politica-de-cookies\/\",\"url\":\"https:\/\/moncobra.grupocobra.com\/politica-de-cookies\/\",\"name\":\"Politique de cookies - Moncobra\",\"isPartOf\":{\"@id\":\"https:\/\/moncobra.grupocobra.com\/#website\"},\"datePublished\":\"2025-07-05T16:29:56+00:00\",\"dateModified\":\"2025-10-06T13:18:09+00:00\",\"breadcrumb\":{\"@id\":\"https:\/\/moncobra.grupocobra.com\/politica-de-cookies\/#breadcrumb\"},\"inLanguage\":\"fr-FR\",\"potentialAction\":[{\"@type\":\"ReadAction\",\"target\":[\"https:\/\/moncobra.grupocobra.com\/politica-de-cookies\/\"]}]},{\"@type\":\"BreadcrumbList\",\"@id\":\"https:\/\/moncobra.grupocobra.com\/politica-de-cookies\/#breadcrumb\",\"itemListElement\":[{\"@type\":\"ListItem\",\"position\":1,\"name\":\"Portada\",\"item\":\"https:\/\/moncobra.grupocobra.com\/\"},{\"@type\":\"ListItem\",\"position\":2,\"name\":\"Pol\u00edtica de Cookies\"}]},{\"@type\":\"WebSite\",\"@id\":\"https:\/\/moncobra.grupocobra.com\/#website\",\"url\":\"https:\/\/moncobra.grupocobra.com\/\",\"name\":\"Moncobra\",\"description\":\"Just another WordPress site\",\"potentialAction\":[{\"@type\":\"SearchAction\",\"target\":{\"@type\":\"EntryPoint\",\"urlTemplate\":\"https:\/\/moncobra.grupocobra.com\/?s={search_term_string}\"},\"query-input\":{\"@type\":\"PropertyValueSpecification\",\"valueRequired\":true,\"valueName\":\"search_term_string\"}}],\"inLanguage\":\"fr-FR\"}]}<\/script>\n<!-- \/ Yoast SEO plugin. -->","yoast_head_json":{"title":"Politique de cookies - Moncobra","robots":{"index":"index","follow":"follow","max-snippet":"max-snippet:-1","max-image-preview":"max-image-preview:large","max-video-preview":"max-video-preview:-1"},"canonical":"https:\/\/moncobra.grupocobra.com\/politica-de-cookies\/","og_locale":"fr_FR","og_type":"article","og_title":"Politique de cookies - Moncobra","og_url":"https:\/\/moncobra.grupocobra.com\/politica-de-cookies\/","og_site_name":"Moncobra","article_modified_time":"2025-10-06T13:18:09+00:00","twitter_card":"summary_large_image","twitter_misc":{"Est. reading time":"4 minutes"},"schema":{"@context":"https:\/\/schema.org","@graph":[{"@type":"WebPage","@id":"https:\/\/moncobra.grupocobra.com\/politica-de-cookies\/","url":"https:\/\/moncobra.grupocobra.com\/politica-de-cookies\/","name":"Politique de cookies - Moncobra","isPartOf":{"@id":"https:\/\/moncobra.grupocobra.com\/#website"},"datePublished":"2025-07-05T16:29:56+00:00","dateModified":"2025-10-06T13:18:09+00:00","breadcrumb":{"@id":"https:\/\/moncobra.grupocobra.com\/politica-de-cookies\/#breadcrumb"},"inLanguage":"fr-FR","potentialAction":[{"@type":"ReadAction","target":["https:\/\/moncobra.grupocobra.com\/politica-de-cookies\/"]}]},{"@type":"BreadcrumbList","@id":"https:\/\/moncobra.grupocobra.com\/politica-de-cookies\/#breadcrumb","itemListElement":[{"@type":"ListItem","position":1,"name":"Portada","item":"https:\/\/moncobra.grupocobra.com\/"},{"@type":"ListItem","position":2,"name":"Pol\u00edtica de Cookies"}]},{"@type":"WebSite","@id":"https:\/\/moncobra.grupocobra.com\/#website","url":"https:\/\/moncobra.grupocobra.com\/","name":"Moncobra","description":"Just another WordPress site","potentialAction":[{"@type":"SearchAction","target":{"@type":"EntryPoint","urlTemplate":"https:\/\/moncobra.grupocobra.com\/?s={search_term_string}"},"query-input":{"@type":"PropertyValueSpecification","valueRequired":true,"valueName":"search_term_string"}}],"inLanguage":"fr-FR"}]}},"_links":{"self":[{"href":"https:\/\/moncobra.grupocobra.com\/fr\/wp-json\/wp\/v2\/pages\/1736","targetHints":{"allow":["GET"]}}],"collection":[{"href":"https:\/\/moncobra.grupocobra.com\/fr\/wp-json\/wp\/v2\/pages"}],"about":[{"href":"https:\/\/moncobra.grupocobra.com\/fr\/wp-json\/wp\/v2\/types\/page"}],"author":[{"embeddable":true,"href":"https:\/\/moncobra.grupocobra.com\/fr\/wp-json\/wp\/v2\/users\/4"}],"replies":[{"embeddable":true,"href":"https:\/\/moncobra.grupocobra.com\/fr\/wp-json\/wp\/v2\/comments?post=1736"}],"version-history":[{"count":24,"href":"https:\/\/moncobra.grupocobra.com\/fr\/wp-json\/wp\/v2\/pages\/1736\/revisions"}],"predecessor-version":[{"id":2244,"href":"https:\/\/moncobra.grupocobra.com\/fr\/wp-json\/wp\/v2\/pages\/1736\/revisions\/2244"}],"wp:attachment":[{"href":"https:\/\/moncobra.grupocobra.com\/fr\/wp-json\/wp\/v2\/media?parent=1736"}],"curies":[{"name":"wp","href":"https:\/\/api.w.org\/{rel}","templated":true}]}}