{"id":1733,"date":"2025-07-05T16:28:53","date_gmt":"2025-07-05T16:28:53","guid":{"rendered":"https:\/\/moncobra.grupocobra.com\/?page_id=1733"},"modified":"2025-10-06T13:19:16","modified_gmt":"2025-10-06T13:19:16","slug":"aviso-legal","status":"publish","type":"page","link":"https:\/\/moncobra.grupocobra.com\/fr\/mentions-legales\/","title":{"rendered":"Mentions l\u00e9gales"},"content":{"rendered":"\n<p>Les pr\u00e9sentes mentions l\u00e9gales r\u00e9gissent l&#8217;utilisation du site Web <a href=\"http:\/\/www.moncobra.com\">www.moncobra.com<\/a> (ci-apr\u00e8s, le Site) appartenant \u00e0 MONCOBRA, S.A. (ci-apr\u00e8s, MONCOBRA) avec NIF&nbsp;A78990413, adresse \u00e0 Calle Cardenal&nbsp;Marcelo&nbsp;Spinola 10 et 6, 28016 Madrid et contact <a href=\"mailto:central@grupocobra.com\">central@grupocobra.com<\/a> . La soci\u00e9t\u00e9 est inscrite au Registre du Commerce et des Soci\u00e9t\u00e9s de Madrid, au tome&nbsp;14&nbsp;477, folio&nbsp;150, page n\u00b0&nbsp;239&nbsp;450, 1\u00e8re inscription. L&#8217;utilisation du Site n\u00e9cessite l&#8217;acceptation par l&#8217;utilisateur de chacune des clauses indiqu\u00e9es dans les pr\u00e9sentes Mentions&nbsp;l\u00e9gales, ainsi que de chacune des mises en garde ou clauses sp\u00e9cifiques \u00e9tablies pour la souscription \u00e0 certains services, produits ou zones du Site. En cas de non-acceptation des clauses \u00e9tablies dans les pr\u00e9sentes Mentions l\u00e9gales, l&#8217;utilisateur doit s&#8217;abstenir d&#8217;acc\u00e9der et\/ou d&#8217;utiliser les services et\/ou contenus mis \u00e0 sa disposition sur le Site.<\/p>\n\n\n\n<p>UTILISATION DU SITE INTERNET<\/p>\n\n\n\n<p>L&#8217;utilisateur s&#8217;engage \u00e0 ne pas utiliser le site pour la r\u00e9alisation d&#8217;activit\u00e9s contraires aux lois, \u00e0 la morale, \u00e0 l&#8217;ordre public et, en g\u00e9n\u00e9ral, \u00e0 en faire un usage conforme aux conditions \u00e9tablies dans les pr\u00e9sentes Mentions l\u00e9gales. De m\u00eame, il s&#8217;engage \u00e0 ne pas mener d&#8217;activit\u00e9s publicitaires ou d&#8217;exploitation commerciale en envoyant des messages sous une fausse identit\u00e9. MONCOBRA agit exclusivement en tant que responsable du Site en sa qualit\u00e9 de fournisseur d&#8217;un service d&#8217;information sur ses propres services, est n&#8217;est pas responsable des contenus enfreignant les pr\u00e9sentes que les utilisateurs pourraient envoyer ou publier, l&#8217;utilisateur \u00e9tant le seul responsable de la v\u00e9racit\u00e9 et de la l\u00e9galit\u00e9 de ceux-ci. MONCOBRA a le droit de suspendre le service du Site en cours d\u2019utilisation par l\u2019utilisateur, ainsi que de mettre un terme sans d\u00e9lai aux relations que la soci\u00e9t\u00e9 entretient avec lui dans l\u2019\u00e9ventualit\u00e9 o\u00f9 une utilisation du Site ou de l\u2019un des services propos\u00e9s sur celui-ci serait jug\u00e9e contraire aux dispositions des pr\u00e9sentes Mentions l\u00e9gales.<\/p>\n\n\n\n<p>PROPRI\u00c9T\u00c9 INTELLECTUELLE ET INDUSTRIELLE<\/p>\n\n\n\n<p>L\u2019int\u00e9gralit\u00e9 du Site (textes, images, marques, graphiques, logos, boutons, fichiers logiciels, combinaisons de couleurs, ainsi que la structure, la s\u00e9lection, la disposition et la pr\u00e9sentation de son contenu) est prot\u00e9g\u00e9e par la l\u00e9gislation relative \u00e0 la propri\u00e9t\u00e9 intellectuelle et industrielle, toute reproduction, distribution, communication publique et transformation \u00e9tant interdite, sauf pour un usage personnel et priv\u00e9. MONCOBRA ne garantit pas que les contenus sont exacts ou exempts d\u2019erreurs ni que leur utilisation libre par l\u2019utilisateur ne porte pas atteinte aux droits de tiers. Le bon ou le mauvais usage de ce site et de son contenu rel\u00e8ve de la responsabilit\u00e9 de l&#8217;utilisateur.<\/p>\n\n\n\n<p>Par ailleurs, la reproduction, la retransmission, la copie, la cession et la redistribution, en totalit\u00e9 ou en partie, des informations de ce Site sont interdites, quelle que soit leur finalit\u00e9 et le moyen employ\u00e9, sans l\u2019autorisation pr\u00e9alable de MONCOBRA.<\/p>\n\n\n\n<p>LIENS<\/p>\n\n\n\n<p>Le Site peut inclure des liens vers des sites tiers. Les pages appartenant \u00e0 des tiers n&#8217;ont pas \u00e9t\u00e9 examin\u00e9es et ne font pas l&#8217;objet de contr\u00f4les de la part de MONCOBRA qui ne pourra \u00eatre tenue responsable du contenu de ces sites web ni des mesures prises concernant votre vie priv\u00e9e ou le traitement de vos donn\u00e9es \u00e0 caract\u00e8re personnel. MONCOBRA recommande une lecture attentive des conditions d&#8217;utilisation et de la politique de confidentialit\u00e9 de ces sites. Si vous souhaitez activer un lien vers l&#8217;une des pages de MONCOBRA, vous devez communiquer cela et obtenir un consentement expr\u00e8s pour cr\u00e9er le lien. MONCOBRA se r\u00e9serve le droit de s&#8217;opposer \u00e0 l&#8217;activation de liens vers son site web.<\/p>\n\n\n\n<p>PERSONNES MINEURES<\/p>\n\n\n\n<p>MONCOBRA rappelle aux utilisateurs majeurs ayant des mineurs \u00e0 leur charge qu&#8217;il sera de leur seule responsabilit\u00e9 de d\u00e9terminer quels services et\/ou contenus ne sont pas appropri\u00e9s pour l&#8217;\u00e2ge de ces derniers. MONCOBRA vous informe qu&#8217;il existe des programmes informatiques qui permettent de filtrer et de bloquer l&#8217;acc\u00e8s \u00e0 certains contenus et services, de sorte que vous pouvez d\u00e9cider quels sont les contenus et services Internet auxquels les mineurs peuvent acc\u00e9der ou non.<\/p>\n\n\n\n<p>RESPONSABILIT\u00c9S<\/p>\n\n\n\n<p>MONCOBRA ne sera pas responsable directement ou subsidiairement&nbsp;:<\/p>\n\n\n\n<ul class=\"wp-block-list\">\n<li>de la qualit\u00e9 du service, de la vitesse d&#8217;acc\u00e8s, du bon fonctionnement du site, de sa disponibilit\u00e9 ou de la continuit\u00e9 de son fonctionnement,<\/li>\n\n\n\n<li>des dommages pouvant \u00eatre caus\u00e9s aux appareils de l&#8217;utilisateur en raison de l&#8217;utilisation du site,<\/li>\n\n\n\n<li>des cas o\u00f9 un tiers, en violation des mesures de s\u00e9curit\u00e9 \u00e9tablies, acc\u00e8de aux messages ou les utilise pour l&#8217;envoi de virus informatiques,<\/li>\n\n\n\n<li>des vices et d\u00e9fauts, quelle qu&#8217;en soit la nature, des contenus transmis, diffus\u00e9s, stock\u00e9s ou mis \u00e0 disposition,<\/li>\n\n\n\n<li>de la l\u00e9galit\u00e9, de la fiabilit\u00e9 et de l&#8217;utilit\u00e9 des contenus que les utilisateurs transmettent lors de l&#8217;utilisation de la page ou des services qui y sont propos\u00e9s, ainsi que de leur v\u00e9racit\u00e9 ou de leur exactitude, MONCOBRA ne contr\u00f4le pas l&#8217;utilisation que les utilisateurs font du site, ni ne garantit qu&#8217;ils l&#8217;utilisent conform\u00e9ment aux dispositions des pr\u00e9sentes Mentions l\u00e9gales.<\/li>\n\n\n\n<li>\u00c0 titre indicatif et non exhaustif, l&#8217;utilisateur sera responsable\u00a0:<\/li>\n\n\n\n<li>des contenus qu\u2019il saisit, notamment des donn\u00e9es et informations saisies et envoy\u00e9es \u00e0 MONCOBRA \u00e0 travers le Site,<\/li>\n\n\n\n<li>de la r\u00e9alisation de tout type d&#8217;action illicite, portant atteinte aux droits, nuisible et\/ou pr\u00e9judiciable,<\/li>\n\n\n\n<li>de la fourniture de donn\u00e9es inexactes ou incorrectes.<\/li>\n<\/ul>\n\n\n\n<p>JURIDICTION<\/p>\n\n\n\n<p>Les pr\u00e9sentes mentions l\u00e9gales sont r\u00e9dig\u00e9es en espagnol et sont soumises \u00e0 la l\u00e9gislation espagnole en vigueur. Pour tout type de litige d\u00e9coulant de l&#8217;utilisation des services propos\u00e9s ou du contenu du Site, les parties acceptent, conform\u00e9ment aux dispositions des pr\u00e9sentes mentions l\u00e9gales, de se soumettre aux tribunaux comp\u00e9tents de Madrid. Si l&#8217;une des clauses d\u00e9crites dans les mentions l\u00e9gales est d\u00e9clar\u00e9e nulle et non avenue, les autres clauses continueront \u00e0 s&#8217;appliquer, sans \u00eatre affect\u00e9es par la d\u00e9claration de nullit\u00e9.<em>Derni\u00e8re mise \u00e0 jour&nbsp;: 1er&nbsp;ao\u00fbt&nbsp;2024<\/em><\/p>\n","protected":false},"excerpt":{"rendered":"<p>Les pr\u00e9sentes mentions l\u00e9gales r\u00e9gissent l&#8217;utilisation du site Web www.moncobra.com (ci-apr\u00e8s, le Site) appartenant \u00e0 MONCOBRA, S.A. (ci-apr\u00e8s, MONCOBRA) avec NIF&nbsp;A78990413, adresse \u00e0 Calle Cardenal&nbsp;Marcelo&nbsp;Spinola 10 et 6, 28016 Madrid et contact central@grupocobra.com . La soci\u00e9t\u00e9 est inscrite au Registre du Commerce et des Soci\u00e9t\u00e9s de Madrid, au tome&nbsp;14&nbsp;477, folio&nbsp;150, page n\u00b0&nbsp;239&nbsp;450, 1\u00e8re inscription. L&#8217;utilisation [&hellip;]<\/p>\n","protected":false},"author":4,"featured_media":0,"parent":0,"menu_order":0,"comment_status":"closed","ping_status":"closed","template":"pagina-legales.php","meta":{"_acf_changed":false,"footnotes":""},"class_list":["post-1733","page","type-page","status-publish","hentry"],"translation":{"provider":"WPGlobus","version":"3.0.2","language":"fr","enabled_languages":["es","gb","fr"],"languages":{"es":{"title":true,"content":true,"excerpt":false},"gb":{"title":true,"content":true,"excerpt":false},"fr":{"title":true,"content":true,"excerpt":false}}},"acf":[],"yoast_head":"<!-- This site is optimized with the Yoast SEO plugin v27.2 - https:\/\/yoast.com\/product\/yoast-seo-wordpress\/ -->\n<title>Mentions l\u00e9gales - Moncobra<\/title>\n<meta name=\"robots\" content=\"index, follow, max-snippet:-1, max-image-preview:large, max-video-preview:-1\" \/>\n<link rel=\"canonical\" href=\"https:\/\/moncobra.grupocobra.com\/aviso-legal\/\" \/>\n<meta property=\"og:locale\" content=\"fr_FR\" \/>\n<meta property=\"og:type\" content=\"article\" \/>\n<meta property=\"og:title\" content=\"Mentions l\u00e9gales - Moncobra\" \/>\n<meta property=\"og:url\" content=\"https:\/\/moncobra.grupocobra.com\/aviso-legal\/\" \/>\n<meta property=\"og:site_name\" content=\"Moncobra\" \/>\n<meta property=\"article:modified_time\" content=\"2025-10-06T13:19:16+00:00\" \/>\n<meta name=\"twitter:card\" content=\"summary_large_image\" \/>\n<meta name=\"twitter:label1\" content=\"Est. reading time\" \/>\n\t<meta name=\"twitter:data1\" content=\"5 minutes\" \/>\n<script type=\"application\/ld+json\" class=\"yoast-schema-graph\">{\"@context\":\"https:\/\/schema.org\",\"@graph\":[{\"@type\":\"WebPage\",\"@id\":\"https:\/\/moncobra.grupocobra.com\/aviso-legal\/\",\"url\":\"https:\/\/moncobra.grupocobra.com\/aviso-legal\/\",\"name\":\"Mentions l\u00e9gales - Moncobra\",\"isPartOf\":{\"@id\":\"https:\/\/moncobra.grupocobra.com\/#website\"},\"datePublished\":\"2025-07-05T16:28:53+00:00\",\"dateModified\":\"2025-10-06T13:19:16+00:00\",\"breadcrumb\":{\"@id\":\"https:\/\/moncobra.grupocobra.com\/aviso-legal\/#breadcrumb\"},\"inLanguage\":\"fr-FR\",\"potentialAction\":[{\"@type\":\"ReadAction\",\"target\":[\"https:\/\/moncobra.grupocobra.com\/aviso-legal\/\"]}]},{\"@type\":\"BreadcrumbList\",\"@id\":\"https:\/\/moncobra.grupocobra.com\/aviso-legal\/#breadcrumb\",\"itemListElement\":[{\"@type\":\"ListItem\",\"position\":1,\"name\":\"Portada\",\"item\":\"https:\/\/moncobra.grupocobra.com\/\"},{\"@type\":\"ListItem\",\"position\":2,\"name\":\"Aviso Legal\"}]},{\"@type\":\"WebSite\",\"@id\":\"https:\/\/moncobra.grupocobra.com\/#website\",\"url\":\"https:\/\/moncobra.grupocobra.com\/\",\"name\":\"Moncobra\",\"description\":\"Just another WordPress site\",\"potentialAction\":[{\"@type\":\"SearchAction\",\"target\":{\"@type\":\"EntryPoint\",\"urlTemplate\":\"https:\/\/moncobra.grupocobra.com\/?s={search_term_string}\"},\"query-input\":{\"@type\":\"PropertyValueSpecification\",\"valueRequired\":true,\"valueName\":\"search_term_string\"}}],\"inLanguage\":\"fr-FR\"}]}<\/script>\n<!-- \/ Yoast SEO plugin. -->","yoast_head_json":{"title":"Mentions l\u00e9gales - Moncobra","robots":{"index":"index","follow":"follow","max-snippet":"max-snippet:-1","max-image-preview":"max-image-preview:large","max-video-preview":"max-video-preview:-1"},"canonical":"https:\/\/moncobra.grupocobra.com\/aviso-legal\/","og_locale":"fr_FR","og_type":"article","og_title":"Mentions l\u00e9gales - Moncobra","og_url":"https:\/\/moncobra.grupocobra.com\/aviso-legal\/","og_site_name":"Moncobra","article_modified_time":"2025-10-06T13:19:16+00:00","twitter_card":"summary_large_image","twitter_misc":{"Est. reading time":"5 minutes"},"schema":{"@context":"https:\/\/schema.org","@graph":[{"@type":"WebPage","@id":"https:\/\/moncobra.grupocobra.com\/aviso-legal\/","url":"https:\/\/moncobra.grupocobra.com\/aviso-legal\/","name":"Mentions l\u00e9gales - Moncobra","isPartOf":{"@id":"https:\/\/moncobra.grupocobra.com\/#website"},"datePublished":"2025-07-05T16:28:53+00:00","dateModified":"2025-10-06T13:19:16+00:00","breadcrumb":{"@id":"https:\/\/moncobra.grupocobra.com\/aviso-legal\/#breadcrumb"},"inLanguage":"fr-FR","potentialAction":[{"@type":"ReadAction","target":["https:\/\/moncobra.grupocobra.com\/aviso-legal\/"]}]},{"@type":"BreadcrumbList","@id":"https:\/\/moncobra.grupocobra.com\/aviso-legal\/#breadcrumb","itemListElement":[{"@type":"ListItem","position":1,"name":"Portada","item":"https:\/\/moncobra.grupocobra.com\/"},{"@type":"ListItem","position":2,"name":"Aviso Legal"}]},{"@type":"WebSite","@id":"https:\/\/moncobra.grupocobra.com\/#website","url":"https:\/\/moncobra.grupocobra.com\/","name":"Moncobra","description":"Just another WordPress site","potentialAction":[{"@type":"SearchAction","target":{"@type":"EntryPoint","urlTemplate":"https:\/\/moncobra.grupocobra.com\/?s={search_term_string}"},"query-input":{"@type":"PropertyValueSpecification","valueRequired":true,"valueName":"search_term_string"}}],"inLanguage":"fr-FR"}]}},"_links":{"self":[{"href":"https:\/\/moncobra.grupocobra.com\/fr\/wp-json\/wp\/v2\/pages\/1733","targetHints":{"allow":["GET"]}}],"collection":[{"href":"https:\/\/moncobra.grupocobra.com\/fr\/wp-json\/wp\/v2\/pages"}],"about":[{"href":"https:\/\/moncobra.grupocobra.com\/fr\/wp-json\/wp\/v2\/types\/page"}],"author":[{"embeddable":true,"href":"https:\/\/moncobra.grupocobra.com\/fr\/wp-json\/wp\/v2\/users\/4"}],"replies":[{"embeddable":true,"href":"https:\/\/moncobra.grupocobra.com\/fr\/wp-json\/wp\/v2\/comments?post=1733"}],"version-history":[{"count":17,"href":"https:\/\/moncobra.grupocobra.com\/fr\/wp-json\/wp\/v2\/pages\/1733\/revisions"}],"predecessor-version":[{"id":2247,"href":"https:\/\/moncobra.grupocobra.com\/fr\/wp-json\/wp\/v2\/pages\/1733\/revisions\/2247"}],"wp:attachment":[{"href":"https:\/\/moncobra.grupocobra.com\/fr\/wp-json\/wp\/v2\/media?parent=1733"}],"curies":[{"name":"wp","href":"https:\/\/api.w.org\/{rel}","templated":true}]}}